{"id":2894,"date":"2022-01-25T10:00:34","date_gmt":"2022-01-25T09:00:34","guid":{"rendered":"https:\/\/pigato.es\/politica-de-privacidad\/"},"modified":"2022-03-17T21:07:06","modified_gmt":"2022-03-17T20:07:06","slug":"politica-de-privacidad","status":"publish","type":"page","link":"https:\/\/pigato.es\/en\/politica-de-privacidad\/","title":{"rendered":"Privacy policy"},"content":{"rendered":"\t\t<div data-elementor-type=\"wp-page\" data-elementor-id=\"2894\" class=\"elementor elementor-2894\">\n\t\t\t\t\t\t\t\t\t<section class=\"elementor-section elementor-top-section elementor-element elementor-element-96ecc5e elementor-section-full_width elementor-section-height-default elementor-section-height-default\" data-id=\"96ecc5e\" data-element_type=\"section\" data-settings=\"{&quot;background_background&quot;:&quot;classic&quot;}\">\n\t\t\t\t\t\t<div class=\"elementor-container elementor-column-gap-no\">\n\t\t\t\t\t<div class=\"elementor-column elementor-col-100 elementor-top-column elementor-element elementor-element-1b63f55\" data-id=\"1b63f55\" data-element_type=\"column\">\n\t\t\t<div class=\"elementor-widget-wrap elementor-element-populated\">\n\t\t\t\t\t\t\t\t<section class=\"elementor-section elementor-inner-section elementor-element elementor-element-156e373 elementor-section-boxed elementor-section-height-default elementor-section-height-default\" data-id=\"156e373\" data-element_type=\"section\">\n\t\t\t\t\t\t<div class=\"elementor-container elementor-column-gap-default\">\n\t\t\t\t\t<div class=\"elementor-column elementor-col-100 elementor-inner-column elementor-element elementor-element-b59f657\" data-id=\"b59f657\" data-element_type=\"column\" data-settings=\"{&quot;background_background&quot;:&quot;classic&quot;}\">\n\t\t\t<div class=\"elementor-widget-wrap elementor-element-populated\">\n\t\t\t\t\t\t\t\t<div class=\"elementor-element elementor-element-1ee82d3 elementor-widget elementor-widget-text-editor\" data-id=\"1ee82d3\" data-element_type=\"widget\" data-widget_type=\"text-editor.default\">\n\t\t\t\t<div class=\"elementor-widget-container\">\n\t\t\t\t\t\t\t<p>Pol\u00edtica de privacidad<\/p>\t\t\t\t\t\t<\/div>\n\t\t\t\t<\/div>\n\t\t\t\t\t<\/div>\n\t\t<\/div>\n\t\t\t\t\t\t\t<\/div>\n\t\t<\/section>\n\t\t\t\t\t<\/div>\n\t\t<\/div>\n\t\t\t\t\t\t\t<\/div>\n\t\t<\/section>\n\t\t\t\t<section class=\"elementor-section elementor-top-section elementor-element elementor-element-c258b2f elementor-section-boxed elementor-section-height-default elementor-section-height-default\" data-id=\"c258b2f\" data-element_type=\"section\">\n\t\t\t\t\t\t<div class=\"elementor-container elementor-column-gap-default\">\n\t\t\t\t\t<div class=\"elementor-column elementor-col-100 elementor-top-column elementor-element elementor-element-ac61585\" data-id=\"ac61585\" data-element_type=\"column\">\n\t\t\t<div class=\"elementor-widget-wrap elementor-element-populated\">\n\t\t\t\t\t\t\t\t<section class=\"elementor-section elementor-inner-section elementor-element elementor-element-baeb25a elementor-section-boxed elementor-section-height-default elementor-section-height-default\" data-id=\"baeb25a\" data-element_type=\"section\">\n\t\t\t\t\t\t<div class=\"elementor-container elementor-column-gap-default\">\n\t\t\t\t\t<div class=\"elementor-column elementor-col-100 elementor-inner-column elementor-element elementor-element-2379066\" data-id=\"2379066\" data-element_type=\"column\">\n\t\t\t<div class=\"elementor-widget-wrap elementor-element-populated\">\n\t\t\t\t\t\t\t\t<div class=\"elementor-element elementor-element-03ff574 elementor-widget elementor-widget-text-editor\" data-id=\"03ff574\" data-element_type=\"widget\" data-widget_type=\"text-editor.default\">\n\t\t\t\t<div class=\"elementor-widget-container\">\n\t\t\t\t\t\t\t<p class=\"p1\">En cumplimiento del Reglamento (UE) 2016\/679 del Parlamento Europeo y del Consejo, de 27 de abril de 2016, relativo a la protecci\u00f3n de las personas f\u00edsicas en lo que respecta al tratamiento de datos personales, por el que se deroga la directiva 95\/46\/CE (en adelante, RGPD), de la Ley 34\/2002, de 11 de julio, de servicios de la sociedad de la informaci\u00f3n y de comercio electr\u00f3nico (en adelante, LSSI-CE) y de la Ley Org\u00e1nica 3\/2018, de Protecci\u00f3n de Datos Personales y garant\u00eda de los derechos digitales, MISTER SHOES SL garantiza la protecci\u00f3n y confidencialidad de los datos personales, de cualquier tipo que nos proporcionen nuestros clientes, de acuerdo con lo dispuesto en el Reglamento General de Protecci\u00f3n de Datos de Car\u00e1cter Personal.<span class=\"Apple-converted-space\">&nbsp;<\/span><\/p>\n<p class=\"p1\"><span class=\"Apple-converted-space\"><br><\/span><\/p>\n<p class=\"p1\">La Pol\u00edtica de Protecci\u00f3n de Datos de MISTER SHOES SL descansa en el principio de responsabilidad proactiva, seg\u00fan el cual el Responsable del tratamiento es responsable del cumplimiento del marco normativo y jurisprudencial, siendo capaz de demostrarlo ante las autoridades de control correspondientes.<span class=\"Apple-converted-space\">&nbsp;<\/span><\/p>\n<p class=\"p1\"><br><\/p>\n<p class=\"p1\">Los datos facilitados ser\u00e1n tratados en los t\u00e9rminos establecidos en el RGPD; en este sentido, MISTER SHOES SL ha adoptado los niveles de protecci\u00f3n que legalmente se exigen, y ha instalado todas las medidas t\u00e9cnicas a su alcance para evitar la p\u00e9rdida, mal uso, alteraci\u00f3n, acceso no autorizado por terceros, expuestos a continuaci\u00f3n. No obstante, el usuario debe ser consciente de que las medidas de seguridad en Internet no son inexpugnables.<span class=\"Apple-converted-space\">&nbsp;<\/span><\/p>\n<p class=\"p1\"><span class=\"Apple-converted-space\"><br><\/span><\/p>\n<p class=\"p1\"><b><br><\/b><\/p>\n<p class=\"p1\"><b>Responsable del tratamiento: \u00bfQui\u00e9nes somos?<span class=\"Apple-converted-space\">&nbsp;<\/span><\/b><\/p>\n<p class=\"p1\">Denominaci\u00f3n: MISTER SHOES SL<span class=\"Apple-converted-space\">&nbsp;<\/span><\/p>\n<p class=\"p1\">CIF: B02014314<span class=\"Apple-converted-space\">&nbsp;<\/span><\/p>\n<p class=\"p1\">Direcci\u00f3n: P. de las Huertas, 73, 02640, Almansa (Albacete)<span class=\"Apple-converted-space\">&nbsp;<\/span><\/p>\n<p class=\"p1\">Tel\u00e9fono: 967341608<span class=\"Apple-converted-space\">&nbsp;<\/span><\/p>\n<p class=\"p1\">Correo electr\u00f3nico: mister@mister.es<span class=\"Apple-converted-space\">&nbsp;<\/span><\/p>\n<p class=\"p1\"><b><br><\/b><\/p>\n<p class=\"p1\"><b><br><\/b><\/p>\n<p class=\"p1\"><b>Finalidad del tratamiento: \u00bfPara qu\u00e9 usaremos sus datos?<span class=\"Apple-converted-space\">&nbsp;<\/span><\/b><\/p>\n<p class=\"p1\">Todos los datos facilitados por nuestros clientes y\/o visitantes en la web de MISTER SHOES SL o a su personal, ser\u00e1n incluidos en ficheros, automatizados o no, creados y mantenidos bajo la responsabilidad del mismo, imprescindibles para prestar los servicios solicitados por los usuarios, o para resolver las dudas o cuestiones planteadas por nuestros visitantes.<span class=\"Apple-converted-space\">&nbsp;<\/span><\/p>\n<p class=\"p1\"><b><br><\/b><\/p>\n<p class=\"p1\"><b><br><\/b><\/p>\n<p class=\"p1\"><b>Legitimidad del tratamiento: \u00bfPor qu\u00e9 necesitamos sus datos?<span class=\"Apple-converted-space\">&nbsp;<\/span><\/b><\/p>\n<p class=\"p1\">a) Relaci\u00f3n contractual: Es la que aplica cuando contrata alguno de nuestros servicios.<span class=\"Apple-converted-space\">&nbsp;<\/span><\/p>\n<p class=\"p1\">b) Inter\u00e9s leg\u00edtimo: Para atender a las consultas y reclamaciones que nos plantee y para gestionar el cobro de las cantidades adeudadas.<span class=\"Apple-converted-space\">&nbsp;<\/span><\/p>\n<p class=\"p1\">c) Su consentimiento: Si es usuario de nuestra web, mediante la marcaci\u00f3n de la casilla que figura en el formulario de contacto, nos autoriza a que le remitamos las comunicaciones necesarias para dar respuesta a la consulta o solicitud de informaci\u00f3n planteada.<span class=\"Apple-converted-space\">&nbsp;<\/span><\/p>\n<p class=\"p1\"><b><br><\/b><\/p>\n<p class=\"p1\"><b><br><\/b><\/p>\n<p class=\"p1\"><b>Destinatarios: \u00bfCon qui\u00e9n compartimos sus datos?<span class=\"Apple-converted-space\">&nbsp;<\/span><\/b><\/p>\n<p class=\"p1\">No cedemos sus datos personales a nadie, a excepci\u00f3n de aquellas entidades p\u00fablicas o privadas a las cuales estemos obligados a facilitar sus datos personales con motivo del cumplimiento de alguna ley. Por poner un ejemplo, la Ley Tributaria obliga a facilitar a la Agencia Tributaria determinada informaci\u00f3n sobre operaciones econ\u00f3micas que superen una determinada cantidad.<span class=\"Apple-converted-space\">&nbsp;<\/span><\/p>\n<p class=\"p1\">En el caso de que, al margen de los supuestos comentados, necesitemos dar a conocer su informaci\u00f3n personal a otras entidades, le solicitaremos previamente su permiso a trav\u00e9s de opciones claras que le permitir\u00e1n decidir a este respecto.<span class=\"Apple-converted-space\">&nbsp;<\/span><\/p>\n<p><\/p>\n<p class=\"p1\"><b><br><\/b><\/p>\n<p class=\"p1\"><b><br><\/b><\/p>\n<p class=\"p1\"><b>Comunicaci\u00f3n: \u00bfD\u00f3nde podr\u00edamos enviar tus datos?<span class=\"Apple-converted-space\">&nbsp;<\/span><\/b><\/p>\n<p class=\"p1\">No realizaremos transferencias internacionales de sus datos personales para ninguna de las finalidades indicadas.<span class=\"Apple-converted-space\">&nbsp;<\/span><\/p>\n<p class=\"p1\"><b><br><\/b><\/p>\n<p class=\"p1\"><b><br><\/b><\/p>\n<p class=\"p1\"><b>Conservaci\u00f3n: \u00bfCu\u00e1nto tiempo mantendremos tus datos?<span class=\"Apple-converted-space\">&nbsp;<\/span><\/b><\/p>\n<p class=\"p1\">Solo conservaremos sus datos personales durante el tiempo que resulte necesario para lograr los fines para los que fueron recabados. A la hora de determinar el oportuno periodo de conservaci\u00f3n, examinamos los riesgos que conlleva el tratamiento, as\u00ed como nuestras obligaciones contractuales, legales y normativas, las pol\u00edticas internas de conservaci\u00f3n de datos y nuestros intereses de negocio leg\u00edtimos descritos en el presente Aviso de Privacidad y Pol\u00edtica de Cookies.<span class=\"Apple-converted-space\">&nbsp;<\/span><\/p>\n<p class=\"p1\"><br><\/p>\n<p class=\"p1\">En este sentido, MISTER SHOES SL conservar\u00e1 los datos personales una vez terminada su relaci\u00f3n con Ud., debidamente bloqueados, durante el plazo de prescripci\u00f3n de las acciones que pudieran derivarse de la relaci\u00f3n mantenida con el interesado.<span class=\"Apple-converted-space\">&nbsp;<\/span><\/p>\n<p class=\"p1\"><br><\/p>\n<p class=\"p1\">Una vez bloqueados, sus datos resultar\u00e1n inaccesibles para MISTER SHOES SL, y no ser\u00e1n tratados excepto para su puesta a disposici\u00f3n a las Administraciones p\u00fablicas, Jueces y Tribunales, para la atenci\u00f3n de las posibles responsabilidades nacidas de los tratamientos, as\u00ed como para el ejercicio y defensa de reclamaciones ante la Agencia Espa\u00f1ola de Protecci\u00f3n de Datos.<span class=\"Apple-converted-space\">&nbsp;<\/span><\/p>\n<p class=\"p1\"><b><br><\/b><\/p>\n<p class=\"p1\"><b><br><\/b><\/p>\n<p class=\"p1\"><b>Seguridad: \u00bfC\u00f3mo vamos a proteger sus datos?<span class=\"Apple-converted-space\">&nbsp;<\/span><\/b><\/p>\n<p class=\"p1\">Empleamos todos los esfuerzos razonables para mantener la confidencialidad de la informaci\u00f3n personal que se trate en nuestros sistemas. Mantenemos estrictos niveles de seguridad para proteger los datos de car\u00e1cter personal que procesamos frente a p\u00e9rdidas fortuitas y a accesos, tratamientos o revelaciones no autorizados, habida cuenta del estado de la tecnolog\u00eda, la naturaleza y los riesgos a que est\u00e1n expuestos los datos. No obstante, no podemos responsabilizarnos del uso que Ud. haga de los datos (incluido usuario y contrase\u00f1a) que utilice en nuestra web. Nuestro personal sigue estrictas normas de privacidad y en el caso de que contratemos a terceros para prestar servicios de soporte, les exigimos que acaten las mismas normas y nos permitan auditarles para verificar su cumplimiento.<span class=\"Apple-converted-space\">&nbsp;<\/span><\/p>\n<p class=\"p1\"><b><br><\/b><\/p><p class=\"p1\"><b><br><\/b><\/p>\n<p class=\"p1\"><b>Sus derechos: \u00bfQu\u00e9 derechos puede ejercer como interesado?<span class=\"Apple-converted-space\">&nbsp;<\/span><\/b><\/p>\n<p class=\"p1\">Le informamos que podr\u00e1 ejercer los siguientes derechos:<span class=\"Apple-converted-space\">&nbsp;<\/span><\/p>\n<ol class=\"ol1\">\n<li class=\"li2\">a) Derecho de acceso a sus datos personales, para saber cu\u00e1les est\u00e1n siendo objeto de tratamiento y las operaciones de tratamiento llevadas a cabo con ellos;<span class=\"Apple-converted-space\">&nbsp;<\/span><\/li>\n<li class=\"li2\">b) Derecho de rectificaci\u00f3n de cualquier dato personal inexacto;<span class=\"Apple-converted-space\">&nbsp;<\/span><\/li>\n<li class=\"li2\">c) Derecho de supresi\u00f3n de sus datos personales, cuando esto sea posible (por ejemplo, por imperativo legal);<span class=\"Apple-converted-space\">&nbsp;<\/span><\/li>\n<li class=\"li2\">d) Derecho de limitaci\u00f3n del tratamiento de sus datos personales cuando la exactitud, la legalidad o la necesidad del tratamiento de los datos resulte dudosa, en cuyo caso, podremos conservarlos para el ejercicio o la defensa de reclamaciones.<span class=\"Apple-converted-space\">&nbsp;<\/span><\/li>\n<li class=\"li2\">e) Derecho de oposici\u00f3n al tratamiento de sus datos personales, cuando la base legal que nos habilite para su tratamiento de las indicadas sea nuestro inter\u00e9s leg\u00edtimo. MISTER SHOES SL dejar\u00e1 de tratar tus datos salvo que tenga un inter\u00e9s leg\u00edtimo o sea necesario para la defensa de reclamaciones, cuando proceda este derecho.<span class=\"Apple-converted-space\">&nbsp;<\/span><\/li>\n<li class=\"li2\">f) Derecho a la portabilidad de sus datos, cuando la base legal que nos habilite para su tratamiento sea la existencia de una relaci\u00f3n contractual o su consentimiento.<span class=\"Apple-converted-space\">&nbsp;<\/span><\/li>\n<li class=\"li1\">g) Derecho a revocar el consentimiento otorgado a MISTER SHOES SL.<span class=\"Apple-converted-space\">&nbsp;<\/span><\/li>\n<\/ol>\n<p class=\"p1\">Para ejercitar sus derechos, puede hacerlo de manera gratuita y en cualquier momento, contactando con nosotros en la direcci\u00f3n P. de las Huertas, 73, 02640, Almansa (Albacete), o escribiendo un correo a mister@mister.es, adjuntando siempre copia del DNI.<span class=\"Apple-converted-space\">&nbsp;<\/span><\/p>\n<p class=\"p1\"><b><br><\/b><\/p>\n<p class=\"p1\"><b><br><\/b><\/p><p class=\"p1\"><b>Tutela de derechos: \u00bfD\u00f3nde puede formular una reclamaci\u00f3n?<span class=\"Apple-converted-space\">&nbsp;<\/span><\/b><\/p>\n<p class=\"p1\">En caso de que entienda que sus derechos han sido desatendidos por nuestra entidad, puede formular una reclamaci\u00f3n en la Agencia Espa\u00f1ola de Protecci\u00f3n de Datos, a trav\u00e9s de alguno de los medios siguientes:<span class=\"Apple-converted-space\">&nbsp;<\/span><\/p>\n<p class=\"p1\">&#8211; Sede electr\u00f3nica: <span class=\"s1\">https:\/\/www.aepd.es<span class=\"Apple-converted-space\">&nbsp;<\/span><\/span><\/p>\n<p class=\"p1\">&#8211; Correo postal: Agencia Espa\u00f1ola de Protecci\u00f3n de Datos, C\/ Jorge Juan, 6, 28001, Madrid<span class=\"Apple-converted-space\">&nbsp;<\/span><\/p>\n<p class=\"p1\">&#8211; Tel\u00e9fono: 901.100.099 y 912.663.517<span class=\"Apple-converted-space\">&nbsp;<\/span><\/p>\n<p class=\"p1\">Formular una reclamaci\u00f3n en la Agencia Espa\u00f1ola de Protecci\u00f3n de Datos no conlleva ning\u00fan coste y no es necesaria la asistencia de abogado ni procurador.<span class=\"Apple-converted-space\">&nbsp;<\/span><\/p>\n<p class=\"p1\"><b><br><\/b><\/p>\n<p class=\"p1\"><b><br><\/b><\/p><p class=\"p1\"><b>Actualizaciones: \u00bfQu\u00e9 cambios puede haber en esta Pol\u00edtica de Privacidad?<span class=\"Apple-converted-space\">&nbsp;<\/span><\/b><\/p>\n<p class=\"p1\">MISTER SHOES SL se reserva el derecho a modificar la presente pol\u00edtica para adaptarla a novedades legislativas o jurisprudenciales que puedan afectar el cumplimiento de la misma.<span class=\"Apple-converted-space\">&nbsp;<\/span><\/p>\n<p class=\"p1\">Con objeto de garantizar el cumplimiento de la normativa sobre protecci\u00f3n de datos de car\u00e1cter personal, MISTER SHOES SL ha recibido los servicios de consultor\u00eda y asesoramiento por parte de <span class=\"s1\">ClickDatos<\/span>.<span class=\"Apple-converted-space\">&nbsp;<\/span><\/p>\t\t\t\t\t\t<\/div>\n\t\t\t\t<\/div>\n\t\t\t\t\t<\/div>\n\t\t<\/div>\n\t\t\t\t\t\t\t<\/div>\n\t\t<\/section>\n\t\t\t\t\t<\/div>\n\t\t<\/div>\n\t\t\t\t\t\t\t<\/div>\n\t\t<\/section>\n\t\t\t\t\t\t\t<\/div>\n\t\t","protected":false},"excerpt":{"rendered":"<p>Pol\u00edtica de privacidad En cumplimiento del Reglamento (UE) 2016\/679 del Parlamento Europeo y del Consejo, de 27 de abril de 2016, relativo a la protecci\u00f3n de las personas f\u00edsicas en lo que respecta al tratamiento de datos personales, por el que se deroga la directiva 95\/46\/CE (en adelante, RGPD), de la Ley 34\/2002, de 11 &#8230; <a title=\"Privacy policy\" class=\"read-more\" href=\"https:\/\/pigato.es\/en\/politica-de-privacidad\/\" aria-label=\"More on Privacy policy\">Read more<\/a><\/p>\n","protected":false},"author":1,"featured_media":0,"parent":0,"menu_order":0,"comment_status":"closed","ping_status":"closed","template":"elementor_header_footer","meta":{"footnotes":""},"class_list":["post-2894","page","type-page","status-publish"],"yoast_head":"<!-- This site is optimized with the Yoast SEO plugin v21.5 - https:\/\/yoast.com\/wordpress\/plugins\/seo\/ -->\n<title>Privacy policy - Pigato<\/title>\n<meta name=\"robots\" content=\"index, follow, max-snippet:-1, max-image-preview:large, max-video-preview:-1\" \/>\n<link rel=\"canonical\" href=\"https:\/\/pigato.es\/en\/politica-de-privacidad\/\" \/>\n<meta property=\"og:locale\" content=\"en_US\" \/>\n<meta property=\"og:type\" content=\"article\" \/>\n<meta property=\"og:title\" content=\"Privacy policy - Pigato\" \/>\n<meta property=\"og:description\" content=\"Pol\u00edtica de privacidad En cumplimiento del Reglamento (UE) 2016\/679 del Parlamento Europeo y del Consejo, de 27 de abril de 2016, relativo a la protecci\u00f3n de las personas f\u00edsicas en lo que respecta al tratamiento de datos personales, por el que se deroga la directiva 95\/46\/CE (en adelante, RGPD), de la Ley 34\/2002, de 11 ... Read more\" \/>\n<meta property=\"og:url\" content=\"https:\/\/pigato.es\/en\/politica-de-privacidad\/\" \/>\n<meta property=\"og:site_name\" content=\"Pigato\" \/>\n<meta property=\"article:modified_time\" content=\"2022-03-17T20:07:06+00:00\" \/>\n<meta name=\"twitter:card\" content=\"summary_large_image\" \/>\n<meta name=\"twitter:label1\" content=\"Est. reading time\" \/>\n\t<meta name=\"twitter:data1\" content=\"6 minutes\" \/>\n<script type=\"application\/ld+json\" class=\"yoast-schema-graph\">{\"@context\":\"https:\/\/schema.org\",\"@graph\":[{\"@type\":\"WebPage\",\"@id\":\"https:\/\/pigato.es\/en\/politica-de-privacidad\/\",\"url\":\"https:\/\/pigato.es\/en\/politica-de-privacidad\/\",\"name\":\"Privacy policy - Pigato\",\"isPartOf\":{\"@id\":\"https:\/\/pigato.es\/#website\"},\"datePublished\":\"2022-01-25T09:00:34+00:00\",\"dateModified\":\"2022-03-17T20:07:06+00:00\",\"breadcrumb\":{\"@id\":\"https:\/\/pigato.es\/en\/politica-de-privacidad\/#breadcrumb\"},\"inLanguage\":\"en-US\",\"potentialAction\":[{\"@type\":\"ReadAction\",\"target\":[\"https:\/\/pigato.es\/en\/politica-de-privacidad\/\"]}]},{\"@type\":\"BreadcrumbList\",\"@id\":\"https:\/\/pigato.es\/en\/politica-de-privacidad\/#breadcrumb\",\"itemListElement\":[{\"@type\":\"ListItem\",\"position\":1,\"name\":\"Portada\",\"item\":\"https:\/\/pigato.es\/en\/\"},{\"@type\":\"ListItem\",\"position\":2,\"name\":\"Privacy policy\"}]},{\"@type\":\"WebSite\",\"@id\":\"https:\/\/pigato.es\/#website\",\"url\":\"https:\/\/pigato.es\/\",\"name\":\"Pigato\",\"description\":\"Otro sitio realizado con WordPress\",\"publisher\":{\"@id\":\"https:\/\/pigato.es\/#organization\"},\"potentialAction\":[{\"@type\":\"SearchAction\",\"target\":{\"@type\":\"EntryPoint\",\"urlTemplate\":\"https:\/\/pigato.es\/?s={search_term_string}\"},\"query-input\":\"required name=search_term_string\"}],\"inLanguage\":\"en-US\"},{\"@type\":\"Organization\",\"@id\":\"https:\/\/pigato.es\/#organization\",\"name\":\"Pigato\",\"url\":\"https:\/\/pigato.es\/\",\"logo\":{\"@type\":\"ImageObject\",\"inLanguage\":\"en-US\",\"@id\":\"https:\/\/pigato.es\/#\/schema\/logo\/image\/\",\"url\":\"https:\/\/pigato.es\/wp-content\/uploads\/pigato-white.svg\",\"contentUrl\":\"https:\/\/pigato.es\/wp-content\/uploads\/pigato-white.svg\",\"width\":250,\"height\":60,\"caption\":\"Pigato\"},\"image\":{\"@id\":\"https:\/\/pigato.es\/#\/schema\/logo\/image\/\"}}]}<\/script>\n<!-- \/ Yoast SEO plugin. -->","yoast_head_json":{"title":"Privacy policy - Pigato","robots":{"index":"index","follow":"follow","max-snippet":"max-snippet:-1","max-image-preview":"max-image-preview:large","max-video-preview":"max-video-preview:-1"},"canonical":"https:\/\/pigato.es\/en\/politica-de-privacidad\/","og_locale":"en_US","og_type":"article","og_title":"Privacy policy - Pigato","og_description":"Pol\u00edtica de privacidad En cumplimiento del Reglamento (UE) 2016\/679 del Parlamento Europeo y del Consejo, de 27 de abril de 2016, relativo a la protecci\u00f3n de las personas f\u00edsicas en lo que respecta al tratamiento de datos personales, por el que se deroga la directiva 95\/46\/CE (en adelante, RGPD), de la Ley 34\/2002, de 11 ... Read more","og_url":"https:\/\/pigato.es\/en\/politica-de-privacidad\/","og_site_name":"Pigato","article_modified_time":"2022-03-17T20:07:06+00:00","twitter_card":"summary_large_image","twitter_misc":{"Est. reading time":"6 minutes"},"schema":{"@context":"https:\/\/schema.org","@graph":[{"@type":"WebPage","@id":"https:\/\/pigato.es\/en\/politica-de-privacidad\/","url":"https:\/\/pigato.es\/en\/politica-de-privacidad\/","name":"Privacy policy - Pigato","isPartOf":{"@id":"https:\/\/pigato.es\/#website"},"datePublished":"2022-01-25T09:00:34+00:00","dateModified":"2022-03-17T20:07:06+00:00","breadcrumb":{"@id":"https:\/\/pigato.es\/en\/politica-de-privacidad\/#breadcrumb"},"inLanguage":"en-US","potentialAction":[{"@type":"ReadAction","target":["https:\/\/pigato.es\/en\/politica-de-privacidad\/"]}]},{"@type":"BreadcrumbList","@id":"https:\/\/pigato.es\/en\/politica-de-privacidad\/#breadcrumb","itemListElement":[{"@type":"ListItem","position":1,"name":"Portada","item":"https:\/\/pigato.es\/en\/"},{"@type":"ListItem","position":2,"name":"Privacy policy"}]},{"@type":"WebSite","@id":"https:\/\/pigato.es\/#website","url":"https:\/\/pigato.es\/","name":"Pigato","description":"Otro sitio realizado con WordPress","publisher":{"@id":"https:\/\/pigato.es\/#organization"},"potentialAction":[{"@type":"SearchAction","target":{"@type":"EntryPoint","urlTemplate":"https:\/\/pigato.es\/?s={search_term_string}"},"query-input":"required name=search_term_string"}],"inLanguage":"en-US"},{"@type":"Organization","@id":"https:\/\/pigato.es\/#organization","name":"Pigato","url":"https:\/\/pigato.es\/","logo":{"@type":"ImageObject","inLanguage":"en-US","@id":"https:\/\/pigato.es\/#\/schema\/logo\/image\/","url":"https:\/\/pigato.es\/wp-content\/uploads\/pigato-white.svg","contentUrl":"https:\/\/pigato.es\/wp-content\/uploads\/pigato-white.svg","width":250,"height":60,"caption":"Pigato"},"image":{"@id":"https:\/\/pigato.es\/#\/schema\/logo\/image\/"}}]}},"_links":{"self":[{"href":"https:\/\/pigato.es\/en\/wp-json\/wp\/v2\/pages\/2894","targetHints":{"allow":["GET"]}}],"collection":[{"href":"https:\/\/pigato.es\/en\/wp-json\/wp\/v2\/pages"}],"about":[{"href":"https:\/\/pigato.es\/en\/wp-json\/wp\/v2\/types\/page"}],"author":[{"embeddable":true,"href":"https:\/\/pigato.es\/en\/wp-json\/wp\/v2\/users\/1"}],"replies":[{"embeddable":true,"href":"https:\/\/pigato.es\/en\/wp-json\/wp\/v2\/comments?post=2894"}],"version-history":[{"count":1,"href":"https:\/\/pigato.es\/en\/wp-json\/wp\/v2\/pages\/2894\/revisions"}],"predecessor-version":[{"id":2895,"href":"https:\/\/pigato.es\/en\/wp-json\/wp\/v2\/pages\/2894\/revisions\/2895"}],"wp:attachment":[{"href":"https:\/\/pigato.es\/en\/wp-json\/wp\/v2\/media?parent=2894"}],"curies":[{"name":"wp","href":"https:\/\/api.w.org\/{rel}","templated":true}]}}